{"id":529,"date":"2019-02-17T21:21:06","date_gmt":"2019-02-17T20:21:06","guid":{"rendered":"https:\/\/ghdpool.ovh\/?page_id=529"},"modified":"2019-02-17T21:22:49","modified_gmt":"2019-02-17T20:22:49","slug":"reinitialisez-votre-mot-de-passe","status":"publish","type":"page","link":"https:\/\/ghdpool.ovh\/?page_id=529","title":{"rendered":"R\u00e9initialisez votre mot de passe"},"content":{"rendered":"R\u00e9initialiser le mot de passe oubli\u00e9Identifiant ou e-mailIdentifiant oubli\u00e9\u00a0?&nbsp;Cliquer ici<a class=\"btn btn-default btn-sm\" href=\"https:\/\/ghdpool.ovh\/?page_id=529\">Lire la suite de <i class=\"fa fa-angle-double-right\"><\/i><\/a>","protected":false},"excerpt":{"rendered":"<p>Lire la suite de<\/p>\n","protected":false},"author":1,"featured_media":0,"parent":0,"menu_order":0,"comment_status":"closed","ping_status":"closed","template":"","meta":{"_bbp_topic_count":0,"_bbp_reply_count":0,"_bbp_total_topic_count":0,"_bbp_total_reply_count":0,"_bbp_voice_count":0,"_bbp_anonymous_reply_count":0,"_bbp_topic_count_hidden":0,"_bbp_reply_count_hidden":0,"_bbp_forum_subforum_count":0,"footnotes":""},"wppr_data":[],"_links":{"self":[{"href":"https:\/\/ghdpool.ovh\/index.php?rest_route=\/wp\/v2\/pages\/529"}],"collection":[{"href":"https:\/\/ghdpool.ovh\/index.php?rest_route=\/wp\/v2\/pages"}],"about":[{"href":"https:\/\/ghdpool.ovh\/index.php?rest_route=\/wp\/v2\/types\/page"}],"author":[{"embeddable":true,"href":"https:\/\/ghdpool.ovh\/index.php?rest_route=\/wp\/v2\/users\/1"}],"replies":[{"embeddable":true,"href":"https:\/\/ghdpool.ovh\/index.php?rest_route=%2Fwp%2Fv2%2Fcomments&post=529"}],"version-history":[{"count":3,"href":"https:\/\/ghdpool.ovh\/index.php?rest_route=\/wp\/v2\/pages\/529\/revisions"}],"predecessor-version":[{"id":532,"href":"https:\/\/ghdpool.ovh\/index.php?rest_route=\/wp\/v2\/pages\/529\/revisions\/532"}],"wp:attachment":[{"href":"https:\/\/ghdpool.ovh\/index.php?rest_route=%2Fwp%2Fv2%2Fmedia&parent=529"}],"curies":[{"name":"wp","href":"https:\/\/api.w.org\/{rel}","templated":true}]}}