{"id":513,"date":"2019-02-17T21:02:30","date_gmt":"2019-02-17T20:02:30","guid":{"rendered":"https:\/\/ghdpool.ovh\/?page_id=513"},"modified":"2019-02-17T21:10:42","modified_gmt":"2019-02-17T20:10:42","slug":"formulaire-de-creation-de-compte","status":"publish","type":"page","link":"https:\/\/ghdpool.ovh\/?page_id=513","title":{"rendered":"Formulaire de cr\u00e9ation de compte"},"content":{"rendered":"Nouvel utilisateur\u00a0?Nom d'utilisateur*Nom*Pr\u00e9nom*Ville*T\u00e9l\u00e9phoneCourriel*Confirmer le courriel*Mot de passe*Confirmer le mot de passe**Champ requis<a class=\"btn btn-default btn-sm\" href=\"https:\/\/ghdpool.ovh\/?page_id=513\">Lire la suite de <i class=\"fa fa-angle-double-right\"><\/i><\/a>","protected":false},"excerpt":{"rendered":"<p>Lire la suite de<\/p>\n","protected":false},"author":1,"featured_media":0,"parent":0,"menu_order":0,"comment_status":"closed","ping_status":"closed","template":"","meta":{"_bbp_topic_count":0,"_bbp_reply_count":0,"_bbp_total_topic_count":0,"_bbp_total_reply_count":0,"_bbp_voice_count":0,"_bbp_anonymous_reply_count":0,"_bbp_topic_count_hidden":0,"_bbp_reply_count_hidden":0,"_bbp_forum_subforum_count":0,"footnotes":""},"wppr_data":[],"_links":{"self":[{"href":"https:\/\/ghdpool.ovh\/index.php?rest_route=\/wp\/v2\/pages\/513"}],"collection":[{"href":"https:\/\/ghdpool.ovh\/index.php?rest_route=\/wp\/v2\/pages"}],"about":[{"href":"https:\/\/ghdpool.ovh\/index.php?rest_route=\/wp\/v2\/types\/page"}],"author":[{"embeddable":true,"href":"https:\/\/ghdpool.ovh\/index.php?rest_route=\/wp\/v2\/users\/1"}],"replies":[{"embeddable":true,"href":"https:\/\/ghdpool.ovh\/index.php?rest_route=%2Fwp%2Fv2%2Fcomments&post=513"}],"version-history":[{"count":7,"href":"https:\/\/ghdpool.ovh\/index.php?rest_route=\/wp\/v2\/pages\/513\/revisions"}],"predecessor-version":[{"id":528,"href":"https:\/\/ghdpool.ovh\/index.php?rest_route=\/wp\/v2\/pages\/513\/revisions\/528"}],"wp:attachment":[{"href":"https:\/\/ghdpool.ovh\/index.php?rest_route=%2Fwp%2Fv2%2Fmedia&parent=513"}],"curies":[{"name":"wp","href":"https:\/\/api.w.org\/{rel}","templated":true}]}}